{"id":484,"date":"2017-10-11T08:28:00","date_gmt":"2017-10-11T06:28:00","guid":{"rendered":"https:\/\/vaxol.se\/?page_id=484"},"modified":"2022-03-07T14:29:01","modified_gmt":"2022-03-07T13:29:01","slug":"vaxol-for-barn-3","status":"publish","type":"page","link":"https:\/\/vaxol.no\/hvem-kan-bruke-vaxol\/vaxol-for-barn-3\/","title":{"rendered":"Vaxol\u00ae for barn"},"content":{"rendered":"","protected":false},"excerpt":{"rendered":"","protected":false},"author":1,"featured_media":0,"parent":10,"menu_order":0,"comment_status":"closed","ping_status":"closed","template":"","meta":[],"yoast_head":"<!-- This site is optimized with the Yoast SEO plugin v18.3 - https:\/\/yoast.com\/wordpress\/plugins\/seo\/ -->\n<title>Vaxol\u00ae for barn - Vaxol\u00ae<\/title>\n<meta name=\"robots\" content=\"index, follow, max-snippet:-1, max-image-preview:large, max-video-preview:-1\" \/>\n<link rel=\"canonical\" href=\"https:\/\/vaxol.no\/hvem-kan-bruke-vaxol\/vaxol-for-barn-3\/\" \/>\n<meta property=\"og:locale\" content=\"nb_NO\" \/>\n<meta property=\"og:type\" content=\"article\" \/>\n<meta property=\"og:title\" content=\"Vaxol\u00ae for barn - Vaxol\u00ae\" \/>\n<meta property=\"og:url\" content=\"https:\/\/vaxol.no\/hvem-kan-bruke-vaxol\/vaxol-for-barn-3\/\" \/>\n<meta property=\"og:site_name\" content=\"Vaxol\u00ae\" \/>\n<meta property=\"article:modified_time\" content=\"2022-03-07T13:29:01+00:00\" \/>\n<meta name=\"twitter:card\" content=\"summary_large_image\" \/>\n<script type=\"application\/ld+json\" class=\"yoast-schema-graph\">{\"@context\":\"https:\/\/schema.org\",\"@graph\":[{\"@type\":\"WebSite\",\"@id\":\"https:\/\/vaxol.no\/#website\",\"url\":\"https:\/\/vaxol.no\/\",\"name\":\"Vaxol\u00ae\",\"description\":\"S\u00e4g farv\u00e4l till \u00f6ronvax och vaxproppar\",\"potentialAction\":[{\"@type\":\"SearchAction\",\"target\":{\"@type\":\"EntryPoint\",\"urlTemplate\":\"https:\/\/vaxol.no\/?s={search_term_string}\"},\"query-input\":\"required name=search_term_string\"}],\"inLanguage\":\"nb-NO\"},{\"@type\":\"WebPage\",\"@id\":\"https:\/\/vaxol.no\/hvem-kan-bruke-vaxol\/vaxol-for-barn-3\/#webpage\",\"url\":\"https:\/\/vaxol.no\/hvem-kan-bruke-vaxol\/vaxol-for-barn-3\/\",\"name\":\"Vaxol\u00ae for barn - Vaxol\u00ae\",\"isPartOf\":{\"@id\":\"https:\/\/vaxol.no\/#website\"},\"datePublished\":\"2017-10-11T06:28:00+00:00\",\"dateModified\":\"2022-03-07T13:29:01+00:00\",\"breadcrumb\":{\"@id\":\"https:\/\/vaxol.no\/hvem-kan-bruke-vaxol\/vaxol-for-barn-3\/#breadcrumb\"},\"inLanguage\":\"nb-NO\",\"potentialAction\":[{\"@type\":\"ReadAction\",\"target\":[\"https:\/\/vaxol.no\/hvem-kan-bruke-vaxol\/vaxol-for-barn-3\/\"]}]},{\"@type\":\"BreadcrumbList\",\"@id\":\"https:\/\/vaxol.no\/hvem-kan-bruke-vaxol\/vaxol-for-barn-3\/#breadcrumb\",\"itemListElement\":[{\"@type\":\"ListItem\",\"position\":1,\"name\":\"Hem\",\"item\":\"https:\/\/vaxol.no\/\"},{\"@type\":\"ListItem\",\"position\":2,\"name\":\"Problemer i ulike aldrer\",\"item\":\"https:\/\/vaxol.no\/hvem-kan-bruke-vaxol\/\"},{\"@type\":\"ListItem\",\"position\":3,\"name\":\"Vaxol\u00ae for barn\"}]}]}<\/script>\n<!-- \/ Yoast SEO plugin. -->","yoast_head_json":{"title":"Vaxol\u00ae for barn - Vaxol\u00ae","robots":{"index":"index","follow":"follow","max-snippet":"max-snippet:-1","max-image-preview":"max-image-preview:large","max-video-preview":"max-video-preview:-1"},"canonical":"https:\/\/vaxol.no\/hvem-kan-bruke-vaxol\/vaxol-for-barn-3\/","og_locale":"nb_NO","og_type":"article","og_title":"Vaxol\u00ae for barn - Vaxol\u00ae","og_url":"https:\/\/vaxol.no\/hvem-kan-bruke-vaxol\/vaxol-for-barn-3\/","og_site_name":"Vaxol\u00ae","article_modified_time":"2022-03-07T13:29:01+00:00","twitter_card":"summary_large_image","schema":{"@context":"https:\/\/schema.org","@graph":[{"@type":"WebSite","@id":"https:\/\/vaxol.no\/#website","url":"https:\/\/vaxol.no\/","name":"Vaxol\u00ae","description":"S\u00e4g farv\u00e4l till \u00f6ronvax och vaxproppar","potentialAction":[{"@type":"SearchAction","target":{"@type":"EntryPoint","urlTemplate":"https:\/\/vaxol.no\/?s={search_term_string}"},"query-input":"required name=search_term_string"}],"inLanguage":"nb-NO"},{"@type":"WebPage","@id":"https:\/\/vaxol.no\/hvem-kan-bruke-vaxol\/vaxol-for-barn-3\/#webpage","url":"https:\/\/vaxol.no\/hvem-kan-bruke-vaxol\/vaxol-for-barn-3\/","name":"Vaxol\u00ae for barn - Vaxol\u00ae","isPartOf":{"@id":"https:\/\/vaxol.no\/#website"},"datePublished":"2017-10-11T06:28:00+00:00","dateModified":"2022-03-07T13:29:01+00:00","breadcrumb":{"@id":"https:\/\/vaxol.no\/hvem-kan-bruke-vaxol\/vaxol-for-barn-3\/#breadcrumb"},"inLanguage":"nb-NO","potentialAction":[{"@type":"ReadAction","target":["https:\/\/vaxol.no\/hvem-kan-bruke-vaxol\/vaxol-for-barn-3\/"]}]},{"@type":"BreadcrumbList","@id":"https:\/\/vaxol.no\/hvem-kan-bruke-vaxol\/vaxol-for-barn-3\/#breadcrumb","itemListElement":[{"@type":"ListItem","position":1,"name":"Hem","item":"https:\/\/vaxol.no\/"},{"@type":"ListItem","position":2,"name":"Problemer i ulike aldrer","item":"https:\/\/vaxol.no\/hvem-kan-bruke-vaxol\/"},{"@type":"ListItem","position":3,"name":"Vaxol\u00ae for barn"}]}]}},"acf":[],"_links":{"self":[{"href":"https:\/\/vaxol.no\/wp-json\/wp\/v2\/pages\/484"}],"collection":[{"href":"https:\/\/vaxol.no\/wp-json\/wp\/v2\/pages"}],"about":[{"href":"https:\/\/vaxol.no\/wp-json\/wp\/v2\/types\/page"}],"author":[{"embeddable":true,"href":"https:\/\/vaxol.no\/wp-json\/wp\/v2\/users\/1"}],"replies":[{"embeddable":true,"href":"https:\/\/vaxol.no\/wp-json\/wp\/v2\/comments?post=484"}],"version-history":[{"count":9,"href":"https:\/\/vaxol.no\/wp-json\/wp\/v2\/pages\/484\/revisions"}],"predecessor-version":[{"id":1536,"href":"https:\/\/vaxol.no\/wp-json\/wp\/v2\/pages\/484\/revisions\/1536"}],"up":[{"embeddable":true,"href":"https:\/\/vaxol.no\/wp-json\/wp\/v2\/pages\/10"}],"wp:attachment":[{"href":"https:\/\/vaxol.no\/wp-json\/wp\/v2\/media?parent=484"}],"curies":[{"name":"wp","href":"https:\/\/api.w.org\/{rel}","templated":true}]}}