{"id":366,"date":"2017-09-08T09:52:16","date_gmt":"2017-09-08T07:52:16","guid":{"rendered":"https:\/\/vaxol.se\/?page_id=366"},"modified":"2021-06-16T08:58:57","modified_gmt":"2021-06-16T06:58:57","slug":"vokspropp","status":"publish","type":"page","link":"https:\/\/vaxol.no\/vanlige-oreproblemer\/vokspropp\/","title":{"rendered":"Problemer med \u00f8revoks og vokspropper"},"content":{"rendered":"","protected":false},"excerpt":{"rendered":"","protected":false},"author":2,"featured_media":0,"parent":6,"menu_order":0,"comment_status":"closed","ping_status":"closed","template":"","meta":[],"yoast_head":"<!-- This site is optimized with the Yoast SEO plugin v18.3 - https:\/\/yoast.com\/wordpress\/plugins\/seo\/ -->\n<title>Problemer med \u00f8revoks og vokspropper - Vaxol\u00ae<\/title>\n<meta name=\"robots\" content=\"index, follow, max-snippet:-1, max-image-preview:large, max-video-preview:-1\" \/>\n<link rel=\"canonical\" href=\"https:\/\/vaxol.no\/vanlige-oreproblemer\/vokspropp\/\" \/>\n<meta property=\"og:locale\" content=\"nb_NO\" \/>\n<meta property=\"og:type\" content=\"article\" \/>\n<meta property=\"og:title\" content=\"Problemer med \u00f8revoks og vokspropper - Vaxol\u00ae\" \/>\n<meta property=\"og:url\" content=\"https:\/\/vaxol.no\/vanlige-oreproblemer\/vokspropp\/\" \/>\n<meta property=\"og:site_name\" content=\"Vaxol\u00ae\" \/>\n<meta property=\"article:modified_time\" content=\"2021-06-16T06:58:57+00:00\" \/>\n<meta name=\"twitter:card\" content=\"summary_large_image\" \/>\n<script type=\"application\/ld+json\" class=\"yoast-schema-graph\">{\"@context\":\"https:\/\/schema.org\",\"@graph\":[{\"@type\":\"WebSite\",\"@id\":\"https:\/\/vaxol.no\/#website\",\"url\":\"https:\/\/vaxol.no\/\",\"name\":\"Vaxol\u00ae\",\"description\":\"S\u00e4g farv\u00e4l till \u00f6ronvax och vaxproppar\",\"potentialAction\":[{\"@type\":\"SearchAction\",\"target\":{\"@type\":\"EntryPoint\",\"urlTemplate\":\"https:\/\/vaxol.no\/?s={search_term_string}\"},\"query-input\":\"required name=search_term_string\"}],\"inLanguage\":\"nb-NO\"},{\"@type\":\"WebPage\",\"@id\":\"https:\/\/vaxol.no\/vanlige-oreproblemer\/vokspropp\/#webpage\",\"url\":\"https:\/\/vaxol.no\/vanlige-oreproblemer\/vokspropp\/\",\"name\":\"Problemer med \u00f8revoks og vokspropper - Vaxol\u00ae\",\"isPartOf\":{\"@id\":\"https:\/\/vaxol.no\/#website\"},\"datePublished\":\"2017-09-08T07:52:16+00:00\",\"dateModified\":\"2021-06-16T06:58:57+00:00\",\"breadcrumb\":{\"@id\":\"https:\/\/vaxol.no\/vanlige-oreproblemer\/vokspropp\/#breadcrumb\"},\"inLanguage\":\"nb-NO\",\"potentialAction\":[{\"@type\":\"ReadAction\",\"target\":[\"https:\/\/vaxol.no\/vanlige-oreproblemer\/vokspropp\/\"]}]},{\"@type\":\"BreadcrumbList\",\"@id\":\"https:\/\/vaxol.no\/vanlige-oreproblemer\/vokspropp\/#breadcrumb\",\"itemListElement\":[{\"@type\":\"ListItem\",\"position\":1,\"name\":\"Hem\",\"item\":\"https:\/\/vaxol.no\/\"},{\"@type\":\"ListItem\",\"position\":2,\"name\":\"Vanlige \u00f8reproblemer\",\"item\":\"https:\/\/vaxol.no\/vanlige-oreproblemer\/\"},{\"@type\":\"ListItem\",\"position\":3,\"name\":\"Problemer med \u00f8revoks og vokspropper\"}]}]}<\/script>\n<!-- \/ Yoast SEO plugin. -->","yoast_head_json":{"title":"Problemer med \u00f8revoks og vokspropper - Vaxol\u00ae","robots":{"index":"index","follow":"follow","max-snippet":"max-snippet:-1","max-image-preview":"max-image-preview:large","max-video-preview":"max-video-preview:-1"},"canonical":"https:\/\/vaxol.no\/vanlige-oreproblemer\/vokspropp\/","og_locale":"nb_NO","og_type":"article","og_title":"Problemer med \u00f8revoks og vokspropper - Vaxol\u00ae","og_url":"https:\/\/vaxol.no\/vanlige-oreproblemer\/vokspropp\/","og_site_name":"Vaxol\u00ae","article_modified_time":"2021-06-16T06:58:57+00:00","twitter_card":"summary_large_image","schema":{"@context":"https:\/\/schema.org","@graph":[{"@type":"WebSite","@id":"https:\/\/vaxol.no\/#website","url":"https:\/\/vaxol.no\/","name":"Vaxol\u00ae","description":"S\u00e4g farv\u00e4l till \u00f6ronvax och vaxproppar","potentialAction":[{"@type":"SearchAction","target":{"@type":"EntryPoint","urlTemplate":"https:\/\/vaxol.no\/?s={search_term_string}"},"query-input":"required name=search_term_string"}],"inLanguage":"nb-NO"},{"@type":"WebPage","@id":"https:\/\/vaxol.no\/vanlige-oreproblemer\/vokspropp\/#webpage","url":"https:\/\/vaxol.no\/vanlige-oreproblemer\/vokspropp\/","name":"Problemer med \u00f8revoks og vokspropper - Vaxol\u00ae","isPartOf":{"@id":"https:\/\/vaxol.no\/#website"},"datePublished":"2017-09-08T07:52:16+00:00","dateModified":"2021-06-16T06:58:57+00:00","breadcrumb":{"@id":"https:\/\/vaxol.no\/vanlige-oreproblemer\/vokspropp\/#breadcrumb"},"inLanguage":"nb-NO","potentialAction":[{"@type":"ReadAction","target":["https:\/\/vaxol.no\/vanlige-oreproblemer\/vokspropp\/"]}]},{"@type":"BreadcrumbList","@id":"https:\/\/vaxol.no\/vanlige-oreproblemer\/vokspropp\/#breadcrumb","itemListElement":[{"@type":"ListItem","position":1,"name":"Hem","item":"https:\/\/vaxol.no\/"},{"@type":"ListItem","position":2,"name":"Vanlige \u00f8reproblemer","item":"https:\/\/vaxol.no\/vanlige-oreproblemer\/"},{"@type":"ListItem","position":3,"name":"Problemer med \u00f8revoks og vokspropper"}]}]}},"acf":[],"_links":{"self":[{"href":"https:\/\/vaxol.no\/wp-json\/wp\/v2\/pages\/366"}],"collection":[{"href":"https:\/\/vaxol.no\/wp-json\/wp\/v2\/pages"}],"about":[{"href":"https:\/\/vaxol.no\/wp-json\/wp\/v2\/types\/page"}],"author":[{"embeddable":true,"href":"https:\/\/vaxol.no\/wp-json\/wp\/v2\/users\/2"}],"replies":[{"embeddable":true,"href":"https:\/\/vaxol.no\/wp-json\/wp\/v2\/comments?post=366"}],"version-history":[{"count":117,"href":"https:\/\/vaxol.no\/wp-json\/wp\/v2\/pages\/366\/revisions"}],"predecessor-version":[{"id":1499,"href":"https:\/\/vaxol.no\/wp-json\/wp\/v2\/pages\/366\/revisions\/1499"}],"up":[{"embeddable":true,"href":"https:\/\/vaxol.no\/wp-json\/wp\/v2\/pages\/6"}],"wp:attachment":[{"href":"https:\/\/vaxol.no\/wp-json\/wp\/v2\/media?parent=366"}],"curies":[{"name":"wp","href":"https:\/\/api.w.org\/{rel}","templated":true}]}}