{"id":1209,"date":"2018-06-29T17:18:14","date_gmt":"2018-06-29T15:18:14","guid":{"rendered":"https:\/\/vaxol.se\/?page_id=1209"},"modified":"2020-08-12T09:11:13","modified_gmt":"2020-08-12T07:11:13","slug":"cookies","status":"publish","type":"page","link":"https:\/\/vaxol.no\/cookies\/","title":{"rendered":"Cookies"},"content":{"rendered":"","protected":false},"excerpt":{"rendered":"","protected":false},"author":4,"featured_media":0,"parent":0,"menu_order":0,"comment_status":"closed","ping_status":"closed","template":"","meta":[],"yoast_head":"<!-- This site is optimized with the Yoast SEO plugin v18.3 - https:\/\/yoast.com\/wordpress\/plugins\/seo\/ -->\n<title>Cookies - Vaxol\u00ae<\/title>\n<meta name=\"robots\" content=\"index, follow, max-snippet:-1, max-image-preview:large, max-video-preview:-1\" \/>\n<link rel=\"canonical\" href=\"https:\/\/vaxol.no\/cookies\/\" \/>\n<meta property=\"og:locale\" content=\"nb_NO\" \/>\n<meta property=\"og:type\" content=\"article\" \/>\n<meta property=\"og:title\" content=\"Cookies - Vaxol\u00ae\" \/>\n<meta property=\"og:url\" content=\"https:\/\/vaxol.no\/cookies\/\" \/>\n<meta property=\"og:site_name\" content=\"Vaxol\u00ae\" \/>\n<meta property=\"article:modified_time\" content=\"2020-08-12T07:11:13+00:00\" \/>\n<meta name=\"twitter:card\" content=\"summary_large_image\" \/>\n<script type=\"application\/ld+json\" class=\"yoast-schema-graph\">{\"@context\":\"https:\/\/schema.org\",\"@graph\":[{\"@type\":\"WebSite\",\"@id\":\"https:\/\/vaxol.no\/#website\",\"url\":\"https:\/\/vaxol.no\/\",\"name\":\"Vaxol\u00ae\",\"description\":\"S\u00e4g farv\u00e4l till \u00f6ronvax och vaxproppar\",\"potentialAction\":[{\"@type\":\"SearchAction\",\"target\":{\"@type\":\"EntryPoint\",\"urlTemplate\":\"https:\/\/vaxol.no\/?s={search_term_string}\"},\"query-input\":\"required name=search_term_string\"}],\"inLanguage\":\"nb-NO\"},{\"@type\":\"WebPage\",\"@id\":\"https:\/\/vaxol.no\/cookies\/#webpage\",\"url\":\"https:\/\/vaxol.no\/cookies\/\",\"name\":\"Cookies - Vaxol\u00ae\",\"isPartOf\":{\"@id\":\"https:\/\/vaxol.no\/#website\"},\"datePublished\":\"2018-06-29T15:18:14+00:00\",\"dateModified\":\"2020-08-12T07:11:13+00:00\",\"breadcrumb\":{\"@id\":\"https:\/\/vaxol.no\/cookies\/#breadcrumb\"},\"inLanguage\":\"nb-NO\",\"potentialAction\":[{\"@type\":\"ReadAction\",\"target\":[\"https:\/\/vaxol.no\/cookies\/\"]}]},{\"@type\":\"BreadcrumbList\",\"@id\":\"https:\/\/vaxol.no\/cookies\/#breadcrumb\",\"itemListElement\":[{\"@type\":\"ListItem\",\"position\":1,\"name\":\"Hem\",\"item\":\"https:\/\/vaxol.no\/\"},{\"@type\":\"ListItem\",\"position\":2,\"name\":\"Cookies\"}]}]}<\/script>\n<!-- \/ Yoast SEO plugin. -->","yoast_head_json":{"title":"Cookies - Vaxol\u00ae","robots":{"index":"index","follow":"follow","max-snippet":"max-snippet:-1","max-image-preview":"max-image-preview:large","max-video-preview":"max-video-preview:-1"},"canonical":"https:\/\/vaxol.no\/cookies\/","og_locale":"nb_NO","og_type":"article","og_title":"Cookies - Vaxol\u00ae","og_url":"https:\/\/vaxol.no\/cookies\/","og_site_name":"Vaxol\u00ae","article_modified_time":"2020-08-12T07:11:13+00:00","twitter_card":"summary_large_image","schema":{"@context":"https:\/\/schema.org","@graph":[{"@type":"WebSite","@id":"https:\/\/vaxol.no\/#website","url":"https:\/\/vaxol.no\/","name":"Vaxol\u00ae","description":"S\u00e4g farv\u00e4l till \u00f6ronvax och vaxproppar","potentialAction":[{"@type":"SearchAction","target":{"@type":"EntryPoint","urlTemplate":"https:\/\/vaxol.no\/?s={search_term_string}"},"query-input":"required name=search_term_string"}],"inLanguage":"nb-NO"},{"@type":"WebPage","@id":"https:\/\/vaxol.no\/cookies\/#webpage","url":"https:\/\/vaxol.no\/cookies\/","name":"Cookies - Vaxol\u00ae","isPartOf":{"@id":"https:\/\/vaxol.no\/#website"},"datePublished":"2018-06-29T15:18:14+00:00","dateModified":"2020-08-12T07:11:13+00:00","breadcrumb":{"@id":"https:\/\/vaxol.no\/cookies\/#breadcrumb"},"inLanguage":"nb-NO","potentialAction":[{"@type":"ReadAction","target":["https:\/\/vaxol.no\/cookies\/"]}]},{"@type":"BreadcrumbList","@id":"https:\/\/vaxol.no\/cookies\/#breadcrumb","itemListElement":[{"@type":"ListItem","position":1,"name":"Hem","item":"https:\/\/vaxol.no\/"},{"@type":"ListItem","position":2,"name":"Cookies"}]}]}},"acf":[],"_links":{"self":[{"href":"https:\/\/vaxol.no\/wp-json\/wp\/v2\/pages\/1209"}],"collection":[{"href":"https:\/\/vaxol.no\/wp-json\/wp\/v2\/pages"}],"about":[{"href":"https:\/\/vaxol.no\/wp-json\/wp\/v2\/types\/page"}],"author":[{"embeddable":true,"href":"https:\/\/vaxol.no\/wp-json\/wp\/v2\/users\/4"}],"replies":[{"embeddable":true,"href":"https:\/\/vaxol.no\/wp-json\/wp\/v2\/comments?post=1209"}],"version-history":[{"count":10,"href":"https:\/\/vaxol.no\/wp-json\/wp\/v2\/pages\/1209\/revisions"}],"predecessor-version":[{"id":1445,"href":"https:\/\/vaxol.no\/wp-json\/wp\/v2\/pages\/1209\/revisions\/1445"}],"wp:attachment":[{"href":"https:\/\/vaxol.no\/wp-json\/wp\/v2\/media?parent=1209"}],"curies":[{"name":"wp","href":"https:\/\/api.w.org\/{rel}","templated":true}]}}